{"id":12421,"date":"2021-07-06T14:20:14","date_gmt":"2021-07-06T14:20:14","guid":{"rendered":"https:\/\/chalet.stuibenfall.at\/footer\/anreise\/"},"modified":"2021-12-15T09:23:15","modified_gmt":"2021-12-15T09:23:15","slug":"trajet","status":"publish","type":"page","link":"https:\/\/stuibenfallchalet.at\/fr\/footer\/trajet\/","title":{"rendered":"Trajet"},"content":{"rendered":"<div   class='avia-fullscreen-slider main_color   avia-builder-el-0  el_before_av_section  avia-builder-el-first  headerSlide container_wrap fullsize'  >\n<style type=\"text\/css\" data-created_by=\"avia_inline_auto\" id=\"style-css-av-kvqtbvel-3c659228ce8998ba5af0e85462c10fc8\">\n#top #wrap_all .avia-slideshow .av-slideshow-caption.av-kvqtbvel-3c659228ce8998ba5af0e85462c10fc8__0 .avia-caption-title{\nfont-size:48px;\n}\n#top .avia-slideshow .av-slideshow-caption.av-kvqtbvel-3c659228ce8998ba5af0e85462c10fc8__0 .avia-caption-content{\nfont-size:54px;\n}\n#top .avia-slideshow .av-slideshow-caption.av-kvqtbvel-3c659228ce8998ba5af0e85462c10fc8__0 .avia-caption-content p{\nfont-size:54px;\n}\n<\/style>\n<a href='#next-section' title='' class='scroll-down-link av-control-minimal avia-svg-icon avia-font-svg_entypo-fontello' data-av_svg_icon='down-open-mini' data-av_iconset='svg_entypo-fontello'><svg version=\"1.1\" xmlns=\"http:\/\/www.w3.org\/2000\/svg\" width=\"15\" height=\"32\" viewBox=\"0 0 15 32\" preserveAspectRatio=\"xMidYMid meet\" aria-labelledby='av-svg-title-1' aria-describedby='av-svg-desc-1' role=\"graphics-symbol\" aria-hidden=\"true\">\n<title id='av-svg-title-1'>Scroller vers la prochaine section<\/title>\n<desc id='av-svg-desc-1'>Scroller vers la prochaine section<\/desc>\n<path d=\"M12.96 12.16q0.704-0.832 1.536 0 0.832 0.704 0 1.536l-6.272 6.144q-0.704 0.704-1.536 0l-6.272-6.144q-0.832-0.832 0-1.536 0.768-0.768 1.6 0l5.44 4.992z\"><\/path>\n<\/svg><\/a><div  class='avia-slideshow av-kvqtbvel-3c659228ce8998ba5af0e85462c10fc8 avia-slideshow-no scaling av_fullscreen avia-slide-slider headerSlide av-slideshow-ui av-control-minimal av-slideshow-manual av-loop-once av-loop-manual-endless av-slider-scroll-down-active av-default-height-applied   avia-slideshow-1' data-slideshow-options=\"{&quot;animation&quot;:&quot;slide&quot;,&quot;autoplay&quot;:false,&quot;loop_autoplay&quot;:&quot;once&quot;,&quot;interval&quot;:5,&quot;loop_manual&quot;:&quot;manual-endless&quot;,&quot;autoplay_stopper&quot;:false,&quot;noNavigation&quot;:false,&quot;bg_slider&quot;:true,&quot;keep_padding&quot;:false,&quot;hoverpause&quot;:false,&quot;show_slide_delay&quot;:0,&quot;slide_height&quot;:&quot;100&quot;,&quot;image_attachment&quot;:&quot;&quot;}\"  itemprop=\"image\" itemscope=\"itemscope\" itemtype=\"https:\/\/schema.org\/ImageObject\" ><ul class='avia-slideshow-inner ' style='padding-bottom: 150.05917159763%;'><li style='background-position:center center;' data-img-url='https:\/\/stuibenfallchalet.at\/wp-content\/uploads\/2021\/06\/wissenswertes.jpg' class='avia-slideshow-slide av-kvqtbvel-3c659228ce8998ba5af0e85462c10fc8__0  av-single-slide slide-1 slide-odd'><div data-rel='slideshow-1' class='avia-slide-wrap '   ><\/div><\/li><\/ul><div class='av-slideshow-caption av-kvqtbvel-3c659228ce8998ba5af0e85462c10fc8__0 caption_fullwidth caption_bottom caption_bottom_framed caption_framed'><div class=\"container caption_container\"><div class=\"slideshow_caption\"><div class=\"slideshow_inner_caption\"><div class=\"slideshow_align_caption\"><h2 class='avia-caption-title '  itemprop=\"name\" >Comment venir chez nous<\/h2><div class='avia-caption-content '  itemprop=\"description\" ><p>\u00c0 Niederthai au Tyrol<\/p>\n<\/div><\/div><\/div><\/div><\/div><\/div><\/div><\/div>\n<div id='chalet_einleitung'  class='avia-section av-6gansq-961bdeb7f34cb3ef7ccc37b60fe52717 main_color avia-section-default avia-no-border-styling  avia-builder-el-1  el_after_av_fullscreen  el_before_av_layout_row  avia-bg-style-scroll container_wrap fullsize'  ><div class='container av-section-cont-open' ><div class='template-page content  av-content-full alpha units'><div class='post-entry post-entry-type-page post-entry-12421'><div class='entry-content-wrapper clearfix'>\n\n<style type=\"text\/css\" data-created_by=\"avia_inline_auto\" id=\"style-css-av-cnfay-5f2d077bf7382b832d8280e89fbdcfd0\">\n.flex_column.av-cnfay-5f2d077bf7382b832d8280e89fbdcfd0{\nborder-radius:0px 0px 0px 0px;\npadding:50px 0px 0px 0px;\n}\n<\/style>\n<div  class='flex_column av-cnfay-5f2d077bf7382b832d8280e89fbdcfd0 av_one_full  avia-builder-el-2  el_before_av_one_third  avia-builder-el-first  first flex_column_div  '     ><style type=\"text\/css\" data-created_by=\"avia_inline_auto\" id=\"style-css-av-kvl4i704-e88fde0c379c1c96d0a69ee34feef04b\">\n#top .av-special-heading.av-kvl4i704-e88fde0c379c1c96d0a69ee34feef04b{\npadding-bottom:10px;\nfont-size:62px;\n}\nbody .av-special-heading.av-kvl4i704-e88fde0c379c1c96d0a69ee34feef04b .av-special-heading-tag .heading-char{\nfont-size:25px;\n}\n#top #wrap_all .av-special-heading.av-kvl4i704-e88fde0c379c1c96d0a69ee34feef04b .av-special-heading-tag{\nfont-size:62px;\n}\n.av-special-heading.av-kvl4i704-e88fde0c379c1c96d0a69ee34feef04b .av-subheading{\nfont-size:20px;\n}\n\n@media only screen and (min-width: 480px) and (max-width: 767px){ \n#top #wrap_all .av-special-heading.av-kvl4i704-e88fde0c379c1c96d0a69ee34feef04b .av-special-heading-tag{\nfont-size:0.8em;\n}\n}\n\n@media only screen and (max-width: 479px){ \n#top #wrap_all .av-special-heading.av-kvl4i704-e88fde0c379c1c96d0a69ee34feef04b .av-special-heading-tag{\nfont-size:0.8em;\n}\n}\n<\/style>\n<div  class='av-special-heading av-kvl4i704-e88fde0c379c1c96d0a69ee34feef04b av-special-heading-h1 blockquote modern-quote modern-centered  avia-builder-el-3  avia-builder-el-no-sibling  av-inherit-size'><div class='av-subheading av-subheading_above'><p>\u00c0 Niederthai au Tyrol<\/p>\n<\/div><h1 class='av-special-heading-tag '  itemprop=\"headline\"  >Comment venir chez nous<\/h1><div class=\"special-heading-border\"><div class=\"special-heading-inner-border\"><\/div><\/div><\/div><\/div><div  class='flex_column av-979joq-68749edbb72739cf1e3ba1c25972f48d av_one_third  avia-builder-el-4  el_after_av_one_full  el_before_av_one_third  first flex_column_div  column-top-margin'     ><section  class='av_textblock_section av-kvqt3wkk-32ae549e63f1c7efe46ce88587f6ad98 '   itemscope=\"itemscope\" itemtype=\"https:\/\/schema.org\/CreativeWork\" ><div class='avia_textblock'  itemprop=\"text\" ><h3>Anreise mit dem Auto\u00a0<\/h3>\n<ul>\n<li>vom Westen: durch den Arlberg-Tunnel &#8211; Inntal &#8211; Autobahn &#8211; Abfahrt \u00d6tztal<\/li>\n<li>vom Norden:\u00a0\u00fcber Kufstein oder \u00fcber den Achenpa\u00df &#8211; Mittenwald &#8211; oder via Fernpass &#8211; Inntal &#8211; Autobahn &#8211; Abfahrt \u00d6tztal<\/li>\n<li>vom Osten: \u00fcber Kufstein &#8211; Inntal Autobahn &#8211; Abfahrt \u00d6tztal Routenplanung<\/li>\n<\/ul>\n<\/div><\/section><\/div><div  class='flex_column av-7hpyvu-8b7dd2fafaaf228a2f114c0d903b3195 av_one_third  avia-builder-el-6  el_after_av_one_third  el_before_av_one_third  flex_column_div  column-top-margin'     ><section  class='av_textblock_section av-kvqgsw54-aa9d015ea199b3995aa47e8459543c0f '   itemscope=\"itemscope\" itemtype=\"https:\/\/schema.org\/CreativeWork\" ><div class='avia_textblock'  itemprop=\"text\" ><h3>Anreise mit dem Flugzeug<\/h3>\n<p>Anreise nach Innsbruck, Salzburg oder M\u00fcnchen mit anschlie\u00dfender Weiterfahrt mit dem Zug bis \u00d6tztal Bahnhof. Von dort gelangen Sie mit dem Bus nach L\u00e4ngenfeld.<\/p>\n<\/div>\n<div>\n<ul>\n<li>Flughafen Innsbruck (66,6 km entfernt)<\/li>\n<li>Flughafen Salzburg (244 km entfernt)<\/li>\n<li>Flughafen M\u00fcnchen (217 km entfernt)<\/li>\n<\/ul>\n<\/div><\/section><\/div><div  class='flex_column av-6aoyzu-a61c9511f0b3d051cd0612ed100b3299 av_one_third  avia-builder-el-8  el_after_av_one_third  avia-builder-el-last  flex_column_div  column-top-margin'     ><section  class='av_textblock_section av-kvqt492l-4f24f6984779fe07bae5e035fea722a2 '   itemscope=\"itemscope\" itemtype=\"https:\/\/schema.org\/CreativeWork\" ><div class='avia_textblock'  itemprop=\"text\" ><h3>Anreise mit der Bahn&nbsp;<\/h3>\n<p>\u00d6tztal Bahnhof und von dort gelangen Sie mit dem Bus nach Umhausen. Innsbruck Hauptbahnhof und weiter mit dem Zug nach \u00d6tztal Bahnhof. Oder direkt von Innsbruck mit dem Bus nach Umhausen.<\/p>\n<ul>\n<li><a href=\"http:\/\/reiseauskunft.bahn.de\/bin\/query.exe\/dn?L=vs_partner&amp;partner=999474_290200\" target=\"_blank\" rel=\"noopener\">\u00d6BB Bahnauskunft<\/a><\/li>\n<li><a href=\"https:\/\/www.thetrainline.com\/fr\" target=\"_blank\" rel=\"noopener\">trainline<\/a><\/li>\n<\/ul>\n<\/div><\/section><\/div><\/div><\/div><\/div><!-- close content main div --><\/div><\/div><div id='av-layout-grid-1'  class='av-layout-grid-container av-kvqtnkdu-e916650401e9582e48c5dbeda9fadb76 entry-content-wrapper alternate_color av-flex-cells  avia-builder-el-10  el_after_av_section  avia-builder-el-last  grid-row-not-first  container_wrap fullsize'  >\n<div class='flex_cell av-2pcrje-78159d17084accc8600365ef0249c09a av-gridrow-cell av_one_full no_margin  avia-builder-el-11  avia-builder-el-no-sibling '  ><div class='flex_cell_inner'>\n<\/div><\/div>\n<\/div><\/p>\n","protected":false},"excerpt":{"rendered":"","protected":false},"author":5,"featured_media":0,"parent":7380,"menu_order":14,"comment_status":"closed","ping_status":"closed","template":"","meta":{"ngg_post_thumbnail":0,"footnotes":""},"class_list":["post-12421","page","type-page","status-publish","hentry"],"yoast_head":"<!-- This site is optimized with the Yoast SEO plugin v27.1.1 - https:\/\/yoast.com\/product\/yoast-seo-wordpress\/ -->\n<title>Trajet - Vacances \u00e0 Gasthof Stuibenfall dans l&#039;\u00d6tztal<\/title>\n<meta name=\"description\" content=\"Trajet \u00e0 Niederthai\" \/>\n<meta name=\"robots\" content=\"index, follow, max-snippet:-1, max-image-preview:large, max-video-preview:-1\" \/>\n<link rel=\"canonical\" href=\"https:\/\/stuibenfallchalet.at\/fr\/footer\/trajet\/\" \/>\n<meta property=\"og:locale\" content=\"fr_FR\" \/>\n<meta property=\"og:type\" content=\"article\" \/>\n<meta property=\"og:title\" content=\"Trajet - Vacances \u00e0 Gasthof Stuibenfall dans l&#039;\u00d6tztal\" \/>\n<meta property=\"og:description\" content=\"Trajet \u00e0 Niederthai\" \/>\n<meta property=\"og:url\" content=\"https:\/\/stuibenfallchalet.at\/fr\/footer\/trajet\/\" \/>\n<meta property=\"og:site_name\" content=\"Chalets Stuibenfall\" \/>\n<meta property=\"article:modified_time\" content=\"2021-12-15T09:23:15+00:00\" \/>\n<meta name=\"twitter:card\" content=\"summary_large_image\" \/>\n<meta name=\"twitter:label1\" content=\"Dur\u00e9e de lecture estim\u00e9e\" \/>\n\t<meta name=\"twitter:data1\" content=\"4 minutes\" \/>\n<script type=\"application\/ld+json\" class=\"yoast-schema-graph\">{\"@context\":\"https:\/\/schema.org\",\"@graph\":[{\"@type\":\"WebPage\",\"@id\":\"https:\/\/stuibenfallchalet.at\/fr\/footer\/trajet\/\",\"url\":\"https:\/\/stuibenfallchalet.at\/fr\/footer\/trajet\/\",\"name\":\"Trajet - Vacances \u00e0 Gasthof Stuibenfall dans l'\u00d6tztal\",\"isPartOf\":{\"@id\":\"https:\/\/stuibenfallchalet.at\/fr\/#website\"},\"datePublished\":\"2021-07-06T14:20:14+00:00\",\"dateModified\":\"2021-12-15T09:23:15+00:00\",\"description\":\"Trajet \u00e0 Niederthai\",\"breadcrumb\":{\"@id\":\"https:\/\/stuibenfallchalet.at\/fr\/footer\/trajet\/#breadcrumb\"},\"inLanguage\":\"fr-FR\",\"potentialAction\":[{\"@type\":\"ReadAction\",\"target\":[\"https:\/\/stuibenfallchalet.at\/fr\/footer\/trajet\/\"]}]},{\"@type\":\"BreadcrumbList\",\"@id\":\"https:\/\/stuibenfallchalet.at\/fr\/footer\/trajet\/#breadcrumb\",\"itemListElement\":[{\"@type\":\"ListItem\",\"position\":1,\"name\":\"Startseite\",\"item\":\"https:\/\/stuibenfallchalet.at\/fr\/home-general\/\"},{\"@type\":\"ListItem\",\"position\":2,\"name\":\"Footer fr\",\"item\":\"https:\/\/stuibenfallchalet.at\/fr\/footer\/\"},{\"@type\":\"ListItem\",\"position\":3,\"name\":\"Trajet\"}]},{\"@type\":\"WebSite\",\"@id\":\"https:\/\/stuibenfallchalet.at\/fr\/#website\",\"url\":\"https:\/\/stuibenfallchalet.at\/fr\/\",\"name\":\"Chalets Stuibenfall\",\"description\":\"Chalets Stuibenfall\",\"potentialAction\":[{\"@type\":\"SearchAction\",\"target\":{\"@type\":\"EntryPoint\",\"urlTemplate\":\"https:\/\/stuibenfallchalet.at\/fr\/?s={search_term_string}\"},\"query-input\":{\"@type\":\"PropertyValueSpecification\",\"valueRequired\":true,\"valueName\":\"search_term_string\"}}],\"inLanguage\":\"fr-FR\"}]}<\/script>\n<!-- \/ Yoast SEO plugin. -->","yoast_head_json":{"title":"Trajet - Vacances \u00e0 Gasthof Stuibenfall dans l'\u00d6tztal","description":"Trajet \u00e0 Niederthai","robots":{"index":"index","follow":"follow","max-snippet":"max-snippet:-1","max-image-preview":"max-image-preview:large","max-video-preview":"max-video-preview:-1"},"canonical":"https:\/\/stuibenfallchalet.at\/fr\/footer\/trajet\/","og_locale":"fr_FR","og_type":"article","og_title":"Trajet - Vacances \u00e0 Gasthof Stuibenfall dans l'\u00d6tztal","og_description":"Trajet \u00e0 Niederthai","og_url":"https:\/\/stuibenfallchalet.at\/fr\/footer\/trajet\/","og_site_name":"Chalets Stuibenfall","article_modified_time":"2021-12-15T09:23:15+00:00","twitter_card":"summary_large_image","twitter_misc":{"Dur\u00e9e de lecture estim\u00e9e":"4 minutes"},"schema":{"@context":"https:\/\/schema.org","@graph":[{"@type":"WebPage","@id":"https:\/\/stuibenfallchalet.at\/fr\/footer\/trajet\/","url":"https:\/\/stuibenfallchalet.at\/fr\/footer\/trajet\/","name":"Trajet - Vacances \u00e0 Gasthof Stuibenfall dans l'\u00d6tztal","isPartOf":{"@id":"https:\/\/stuibenfallchalet.at\/fr\/#website"},"datePublished":"2021-07-06T14:20:14+00:00","dateModified":"2021-12-15T09:23:15+00:00","description":"Trajet \u00e0 Niederthai","breadcrumb":{"@id":"https:\/\/stuibenfallchalet.at\/fr\/footer\/trajet\/#breadcrumb"},"inLanguage":"fr-FR","potentialAction":[{"@type":"ReadAction","target":["https:\/\/stuibenfallchalet.at\/fr\/footer\/trajet\/"]}]},{"@type":"BreadcrumbList","@id":"https:\/\/stuibenfallchalet.at\/fr\/footer\/trajet\/#breadcrumb","itemListElement":[{"@type":"ListItem","position":1,"name":"Startseite","item":"https:\/\/stuibenfallchalet.at\/fr\/home-general\/"},{"@type":"ListItem","position":2,"name":"Footer fr","item":"https:\/\/stuibenfallchalet.at\/fr\/footer\/"},{"@type":"ListItem","position":3,"name":"Trajet"}]},{"@type":"WebSite","@id":"https:\/\/stuibenfallchalet.at\/fr\/#website","url":"https:\/\/stuibenfallchalet.at\/fr\/","name":"Chalets Stuibenfall","description":"Chalets Stuibenfall","potentialAction":[{"@type":"SearchAction","target":{"@type":"EntryPoint","urlTemplate":"https:\/\/stuibenfallchalet.at\/fr\/?s={search_term_string}"},"query-input":{"@type":"PropertyValueSpecification","valueRequired":true,"valueName":"search_term_string"}}],"inLanguage":"fr-FR"}]}},"_links":{"self":[{"href":"https:\/\/stuibenfallchalet.at\/fr\/wp-json\/wp\/v2\/pages\/12421","targetHints":{"allow":["GET"]}}],"collection":[{"href":"https:\/\/stuibenfallchalet.at\/fr\/wp-json\/wp\/v2\/pages"}],"about":[{"href":"https:\/\/stuibenfallchalet.at\/fr\/wp-json\/wp\/v2\/types\/page"}],"author":[{"embeddable":true,"href":"https:\/\/stuibenfallchalet.at\/fr\/wp-json\/wp\/v2\/users\/5"}],"replies":[{"embeddable":true,"href":"https:\/\/stuibenfallchalet.at\/fr\/wp-json\/wp\/v2\/comments?post=12421"}],"version-history":[{"count":17,"href":"https:\/\/stuibenfallchalet.at\/fr\/wp-json\/wp\/v2\/pages\/12421\/revisions"}],"predecessor-version":[{"id":12777,"href":"https:\/\/stuibenfallchalet.at\/fr\/wp-json\/wp\/v2\/pages\/12421\/revisions\/12777"}],"up":[{"embeddable":true,"href":"https:\/\/stuibenfallchalet.at\/fr\/wp-json\/wp\/v2\/pages\/7380"}],"wp:attachment":[{"href":"https:\/\/stuibenfallchalet.at\/fr\/wp-json\/wp\/v2\/media?parent=12421"}],"curies":[{"name":"wp","href":"https:\/\/api.w.org\/{rel}","templated":true}]}}