{"id":12758,"date":"2021-07-06T14:13:45","date_gmt":"2021-07-06T14:13:45","guid":{"rendered":"https:\/\/chalet.stuibenfall.at\/footer\/impressum\/"},"modified":"2023-07-03T09:43:39","modified_gmt":"2023-07-03T09:43:39","slug":"mentions-legales","status":"publish","type":"page","link":"https:\/\/stuibenfallchalet.at\/fr\/footer\/mentions-legales\/","title":{"rendered":"Mentions l\u00e9gales"},"content":{"rendered":"<div   class='avia-fullscreen-slider main_color   avia-builder-el-0  el_before_av_postcontent  avia-builder-el-first  headerSlide container_wrap fullsize'  >\n<style type=\"text\/css\" data-created_by=\"avia_inline_auto\" id=\"style-css-av-82qct5-d833545ca97739ad3130cc22561f2b6a\">\n#top #wrap_all .avia-slideshow .av-slideshow-caption.av-82qct5-d833545ca97739ad3130cc22561f2b6a__0 .avia-caption-title{\nfont-size:48px;\n}\n#top .avia-slideshow .av-slideshow-caption.av-82qct5-d833545ca97739ad3130cc22561f2b6a__0 .avia-caption-content{\nfont-size:54px;\n}\n#top .avia-slideshow .av-slideshow-caption.av-82qct5-d833545ca97739ad3130cc22561f2b6a__0 .avia-caption-content p{\nfont-size:54px;\n}\n<\/style>\n<a href='#next-section' title='' class='scroll-down-link av-control-minimal avia-svg-icon avia-font-svg_entypo-fontello' data-av_svg_icon='down-open-mini' data-av_iconset='svg_entypo-fontello'><svg version=\"1.1\" xmlns=\"http:\/\/www.w3.org\/2000\/svg\" width=\"15\" height=\"32\" viewBox=\"0 0 15 32\" preserveAspectRatio=\"xMidYMid meet\" aria-labelledby='av-svg-title-1' aria-describedby='av-svg-desc-1' role=\"graphics-symbol\" aria-hidden=\"true\">\n<title id='av-svg-title-1'>Scroller vers la prochaine section<\/title>\n<desc id='av-svg-desc-1'>Scroller vers la prochaine section<\/desc>\n<path d=\"M12.96 12.16q0.704-0.832 1.536 0 0.832 0.704 0 1.536l-6.272 6.144q-0.704 0.704-1.536 0l-6.272-6.144q-0.832-0.832 0-1.536 0.768-0.768 1.6 0l5.44 4.992z\"><\/path>\n<\/svg><\/a><div  class='avia-slideshow av-82qct5-d833545ca97739ad3130cc22561f2b6a avia-slideshow-no scaling av_fullscreen avia-slide-slider headerSlide av-slideshow-ui av-control-minimal av-slideshow-manual av-loop-once av-loop-manual-endless av-slider-scroll-down-active av-default-height-applied   avia-slideshow-1' data-slideshow-options=\"{&quot;animation&quot;:&quot;slide&quot;,&quot;autoplay&quot;:false,&quot;loop_autoplay&quot;:&quot;once&quot;,&quot;interval&quot;:5,&quot;loop_manual&quot;:&quot;manual-endless&quot;,&quot;autoplay_stopper&quot;:false,&quot;noNavigation&quot;:false,&quot;bg_slider&quot;:true,&quot;keep_padding&quot;:false,&quot;hoverpause&quot;:false,&quot;show_slide_delay&quot;:0,&quot;slide_height&quot;:&quot;100&quot;,&quot;image_attachment&quot;:&quot;&quot;}\"  itemprop=\"image\" itemscope=\"itemscope\" itemtype=\"https:\/\/schema.org\/ImageObject\" ><ul class='avia-slideshow-inner ' style='padding-bottom: 66.666666666667%;'><li style='background-position:center center;' data-img-url='https:\/\/stuibenfallchalet.at\/wp-content\/uploads\/2021\/09\/behaglichkeit-chalet-stuibenfall.jpg' class='avia-slideshow-slide av-82qct5-d833545ca97739ad3130cc22561f2b6a__0  av-single-slide slide-1 slide-odd'><div data-rel='slideshow-1' class='avia-slide-wrap '   ><\/div><\/li><\/ul><\/div><\/div>\n\n<p><\/p>\n\n\n\n[av_textblock textblock_styling_align='' textblock_styling='' textblock_styling_gap='' textblock_styling_mobile='' size='' av-desktop-font-size='' av-medium-font-size='' av-small-font-size='' av-mini-font-size='' font_color='' color='' av-small-hide='aviaTBav-small-hide' av-mini-hide='aviaTBav-mini-hide' id='Header_Quick_Buttons' custom_class='' template_class='' av_uid='av-2sgnta' sc_version='1.0' admin_preview_bg='']\n<div class=\"menuBtns_group\"><button class=\"btn active\"><a href=\"\/fr\/home\/demande-de-renseignements\/\" target=\"_blank\" rel=\"noopener\">Demande<\/a><\/button><button class=\"btn\"><a href=\"https:\/\/bookchalet.stuibenfall.at\/?activeBookingEngine=KBE&amp;propertyCode=S005534&amp;skd-language-code=fr\" target=\"_blank\" rel=\"noopener\">R\u00e9server<\/a><\/button><button class=\"btn active\"><a href=\"https:\/\/stuibenfall.at\/fr\/\" target=\"_blank\" rel=\"noopener\">H\u00f4tel<\/a><\/button><\/div>\n[\/av_textblock]\n\n[av_codeblock wrapper_element='' wrapper_element_attributes='' codeblock_type='' av-desktop-hide='aviaTBav-desktop-hide' av-medium-hide='aviaTBav-medium-hide' av-small-hide='aviaTBav-small-hide' av-mini-hide='aviaTBav-mini-hide' alb_description='' id='' custom_class='linkleiste_mobil' template_class='' av_uid='av-kx7f7fgm' sc_version='1.0']\n<div class=\"footerlinkmobil\"><ul class=\"Quick_Buttons_Mobile\"><li class=\"IconOnly\"><div class=\"link1\"><a href=\"tel:+4352555512\"><span class=\"_telefon\"><i class=\"fas fa-phone-volume\"><\/i><\/span><\/a><\/div><\/li><li class=\"IconBtn\"><div class=\"link2\"><a href=\"https:\/\/bookhotel.stuibenfall.at\/?activeBookingEngine=KBE&propertyCode=S003852&skd-language-code=fr\" target=\"_blank\" rel=\"noopener\">R\u00c9SERVER HOTEL<\/a><\/div><\/li><li class=\"IconBtn\"><div class=\"link3\"><a href=\"https:\/\/bookchalet.stuibenfall.at\/?activeBookingEngine=KBE&propertyCode=S005534&skd-language-code=fr\" target=\"_blank\" rel=\"noopener\">R\u00c9SERVER CHALET<\/a><\/div><\/li><li class=\"IconOnly\"><div class=\"link4\"><a href=\"mailto:info@stuibenfall.at\"><span class=\"_mail\"><i class=\"far fa-envelope-open\"><\/i><\/span><\/a><\/div><\/li><\/ul><\/div>\n[\/av_codeblock]\n\n<div id='chalet_einleitung'  class='avia-section av-5lzwt5-df40dc5f47aae553dc512a64dfefd78e main_color avia-section-default avia-no-border-styling  avia-builder-el-2  el_after_av_postcontent  avia-builder-el-last  avia-bg-style-scroll container_wrap fullsize'  ><div class='container av-section-cont-open' ><div class='template-page content  av-content-full alpha units'><div class='post-entry post-entry-type-page post-entry-12758'><div class='entry-content-wrapper clearfix'>\n\n<style type=\"text\/css\" data-created_by=\"avia_inline_auto\" id=\"style-css-av-4y0sa1-27e3c844dbd1fa9362f550aa26d6e70f\">\n.flex_column.av-4y0sa1-27e3c844dbd1fa9362f550aa26d6e70f{\nborder-radius:0px 0px 0px 0px;\npadding:50px 0px 0px 0px;\n}\n<\/style>\n<div  class='flex_column av-4y0sa1-27e3c844dbd1fa9362f550aa26d6e70f av_one_full  avia-builder-el-3  el_before_av_one_full  avia-builder-el-first  first flex_column_div  '     ><style type=\"text\/css\" data-created_by=\"avia_inline_auto\" id=\"style-css-av-kvl502k9-c5f1c2d1b740ab692f5e0a98e24d538c\">\n#top .av-special-heading.av-kvl502k9-c5f1c2d1b740ab692f5e0a98e24d538c{\npadding-bottom:10px;\nfont-size:62px;\n}\nbody .av-special-heading.av-kvl502k9-c5f1c2d1b740ab692f5e0a98e24d538c .av-special-heading-tag .heading-char{\nfont-size:25px;\n}\n#top #wrap_all .av-special-heading.av-kvl502k9-c5f1c2d1b740ab692f5e0a98e24d538c .av-special-heading-tag{\nfont-size:62px;\n}\n.av-special-heading.av-kvl502k9-c5f1c2d1b740ab692f5e0a98e24d538c .av-subheading{\nfont-size:20px;\n}\n\n@media only screen and (min-width: 480px) and (max-width: 767px){ \n#top #wrap_all .av-special-heading.av-kvl502k9-c5f1c2d1b740ab692f5e0a98e24d538c .av-special-heading-tag{\nfont-size:0.8em;\n}\n}\n\n@media only screen and (max-width: 479px){ \n#top #wrap_all .av-special-heading.av-kvl502k9-c5f1c2d1b740ab692f5e0a98e24d538c .av-special-heading-tag{\nfont-size:0.8em;\n}\n}\n<\/style>\n<div  class='av-special-heading av-kvl502k9-c5f1c2d1b740ab692f5e0a98e24d538c av-special-heading-h1 blockquote modern-quote modern-centered  avia-builder-el-4  avia-builder-el-no-sibling  av-inherit-size'><div class='av-subheading av-subheading_above'><p>Gasthof &#8211; H\u00f4tel &#8211; Chalets Stuibenfall<\/p>\n<\/div><h1 class='av-special-heading-tag '  itemprop=\"headline\"  >Mentions l\u00e9gales<\/h1><div class=\"special-heading-border\"><div class=\"special-heading-inner-border\"><\/div><\/div><\/div><\/div>\n<style type=\"text\/css\" data-created_by=\"avia_inline_auto\" id=\"style-css-av-2njluh-c5ed4a811129397aaa995452b88c20bb\">\n.flex_column.av-2njluh-c5ed4a811129397aaa995452b88c20bb{\nborder-radius:0px 0px 0px 0px;\npadding:0px 0px 0px 0px;\n}\n<\/style>\n<div  class='flex_column av-2njluh-c5ed4a811129397aaa995452b88c20bb av_one_full  avia-builder-el-5  el_after_av_one_full  avia-builder-el-last  einleitung first flex_column_div av-zero-column-padding  column-top-margin'     ><section  class='av_textblock_section av-kqs4oig6-a8d4f8d8b3ba29368f91d5ccc17ebe6e '   itemscope=\"itemscope\" itemtype=\"https:\/\/schema.org\/CreativeWork\" ><div class='avia_textblock'  itemprop=\"text\" ><p><strong>Stuibenfall Chalets GmbH<\/strong><br \/>\nErika Falkner<br \/>\nNiederthai | 6441 Niederthai-Umhausen<br \/>\nT +43 5255 \/ 5512 | <a class=\"\" href=\"mailto:info@stuibenfall.at\">info@stuibenfall.at<\/a><\/p>\n<p>UID-Nr.: ATU75706746<\/p>\n<h2>Conception et r\u00e9alisation :<\/h2>\n<p>Tandem GmbH<br \/>\nLandseestra\u00dfe 17<br \/>\nA-6020 Innsbruck<br \/>\n<a href=\"mailto:info@tandem.at\"><span id=\"cloak2cc74bd298b53fe9fffeca381c2a9246\">info@tandem.at<\/span><\/a><br \/>\n<a href=\"http:\/\/www.tandem.at\">www.tandem.at<\/a><\/p>\n<h2>Partenaire Hosting :<\/h2>\n<p><a title=\"Hostingpartner hoststar.at\" href=\"https:\/\/www.hoststar.at\/\" target=\"_blank\" rel=\"noopener noreferrer\">hoststar.at<\/a><\/p>\n<h2>Avis de responsabilit\u00e9 :<\/h2>\n<p>Malgr\u00e9 un contr\u00f4le minutieux du contenu, nous n&rsquo;assumons aucune responsabilit\u00e9 pour le contenu des liens externes. Seuls les exploitants de ces sites sont responsables de leur contenu.<\/p>\n<h2>Cr\u00e9dit photo :<\/h2>\n<p>Photos de Gasthof Stuibenfall, Dominique Gigon, Christian Schneider Photography<\/p>\n<p>Copyright \u00a9 <a href=\"http:\/\/www.oetztal.com\" target=\"_blank\" rel=\"noopener noreferrer\">\u00d6tztal Tourismus &#8211; Rudi Wyhlidal, Isidor N\u00f6sig, Elias Holzknecht, \u00d6tzi Dorf, Christoph Sch\u00f6ch, Matthias Burtscher, Barbara Klotz, Alexander Lohmann, Hans-Peter Leiter, Michael Meisl, Bernd Ritschel, Heiko Wilhelm, Jens Klatt, Alexa Reiner, Timmelsjoch Hochalpenstra\u00dfe, Ernst Lorenzi, eye5, G.E., Stefan Astner, Erich Spiess, Philipp Horak, Daniel Zangerl, G\u00fcnter Durner, Markus Greber, Markus Geisler, Christoph Bayer, Anton Brey, Florian Breitenberger, Photo Lohmann, Lukas Ennemoser, Isidor N\u00f6ssing, Johannes Brunner, Matthias Burtscher, Anton Brey, Klaus Kranebitter, Christoph Sch\u00f6ch, Rene Riller<\/a><\/p>\n<p>Tiroler Wirtshauskultur\/F. Lechner, Tirol Werbung, Video: TWHK\/Manuel Bachnetzer<\/p>\n<p>Copyright \u00a9 <a href=\"https:\/\/www.innsbruckphoto.at\/extern\/\" target=\"_blank\" rel=\"noopener noreferrer\">Innsbruck Tourismus TVB<\/a> Innsbruck \/ Mario Webhofer, Tommy Bause, Christof Lackner, Christian Vorhofer, Anton Prock<\/p>\n<p>\u00a9 Fotolia, Shutterstock<\/p>\n<p>\u00a9 <a href=\"https:\/\/www.christianschneider.photography\/\" target=\"_blank\" rel=\"noopener\">www.christianschneider.photography<\/a><\/p>\n<\/div><\/section><\/div>\n","protected":false},"excerpt":{"rendered":"","protected":false},"author":1,"featured_media":0,"parent":7380,"menu_order":16,"comment_status":"closed","ping_status":"closed","template":"","meta":{"ngg_post_thumbnail":0,"footnotes":""},"class_list":["post-12758","page","type-page","status-publish","hentry"],"yoast_head":"<!-- This site is optimized with the Yoast SEO plugin v27.1.1 - https:\/\/yoast.com\/product\/yoast-seo-wordpress\/ -->\n<title>Mentions l\u00e9gales -<\/title>\n<meta name=\"description\" content=\"Gasthof Stuibenfall: Fam. Falkner-Gigon, Niederthai 47 | A-6441 Umhausen, +43-5255-5512, info@stuibenfall.at, UID-Nr.: ATU32888809\" \/>\n<meta name=\"robots\" content=\"index, follow, max-snippet:-1, max-image-preview:large, max-video-preview:-1\" \/>\n<link rel=\"canonical\" href=\"https:\/\/stuibenfallchalet.at\/fr\/footer\/mentions-legales\/\" \/>\n<meta property=\"og:locale\" content=\"fr_FR\" \/>\n<meta property=\"og:type\" content=\"article\" \/>\n<meta property=\"og:title\" content=\"Mentions l\u00e9gales -\" \/>\n<meta property=\"og:description\" content=\"Gasthof Stuibenfall: Fam. Falkner-Gigon, Niederthai 47 | A-6441 Umhausen, +43-5255-5512, info@stuibenfall.at, UID-Nr.: ATU32888809\" \/>\n<meta property=\"og:url\" content=\"https:\/\/stuibenfallchalet.at\/fr\/footer\/mentions-legales\/\" \/>\n<meta property=\"og:site_name\" content=\"Chalets Stuibenfall\" \/>\n<meta property=\"article:modified_time\" content=\"2023-07-03T09:43:39+00:00\" \/>\n<meta name=\"twitter:card\" content=\"summary_large_image\" \/>\n<meta name=\"twitter:label1\" content=\"Dur\u00e9e de lecture estim\u00e9e\" \/>\n\t<meta name=\"twitter:data1\" content=\"3 minutes\" \/>\n<script type=\"application\/ld+json\" class=\"yoast-schema-graph\">{\"@context\":\"https:\/\/schema.org\",\"@graph\":[{\"@type\":\"WebPage\",\"@id\":\"https:\/\/stuibenfallchalet.at\/fr\/footer\/mentions-legales\/\",\"url\":\"https:\/\/stuibenfallchalet.at\/fr\/footer\/mentions-legales\/\",\"name\":\"Mentions l\u00e9gales -\",\"isPartOf\":{\"@id\":\"https:\/\/stuibenfallchalet.at\/fr\/#website\"},\"datePublished\":\"2021-07-06T14:13:45+00:00\",\"dateModified\":\"2023-07-03T09:43:39+00:00\",\"description\":\"Gasthof Stuibenfall: Fam. Falkner-Gigon, Niederthai 47 | A-6441 Umhausen, +43-5255-5512, info@stuibenfall.at, UID-Nr.: ATU32888809\",\"breadcrumb\":{\"@id\":\"https:\/\/stuibenfallchalet.at\/fr\/footer\/mentions-legales\/#breadcrumb\"},\"inLanguage\":\"fr-FR\",\"potentialAction\":[{\"@type\":\"ReadAction\",\"target\":[\"https:\/\/stuibenfallchalet.at\/fr\/footer\/mentions-legales\/\"]}]},{\"@type\":\"BreadcrumbList\",\"@id\":\"https:\/\/stuibenfallchalet.at\/fr\/footer\/mentions-legales\/#breadcrumb\",\"itemListElement\":[{\"@type\":\"ListItem\",\"position\":1,\"name\":\"Startseite\",\"item\":\"https:\/\/stuibenfallchalet.at\/fr\/home-general\/\"},{\"@type\":\"ListItem\",\"position\":2,\"name\":\"Footer fr\",\"item\":\"https:\/\/stuibenfallchalet.at\/fr\/footer\/\"},{\"@type\":\"ListItem\",\"position\":3,\"name\":\"Mentions l\u00e9gales\"}]},{\"@type\":\"WebSite\",\"@id\":\"https:\/\/stuibenfallchalet.at\/fr\/#website\",\"url\":\"https:\/\/stuibenfallchalet.at\/fr\/\",\"name\":\"Chalets Stuibenfall\",\"description\":\"Chalets Stuibenfall\",\"potentialAction\":[{\"@type\":\"SearchAction\",\"target\":{\"@type\":\"EntryPoint\",\"urlTemplate\":\"https:\/\/stuibenfallchalet.at\/fr\/?s={search_term_string}\"},\"query-input\":{\"@type\":\"PropertyValueSpecification\",\"valueRequired\":true,\"valueName\":\"search_term_string\"}}],\"inLanguage\":\"fr-FR\"}]}<\/script>\n<!-- \/ Yoast SEO plugin. -->","yoast_head_json":{"title":"Mentions l\u00e9gales -","description":"Gasthof Stuibenfall: Fam. Falkner-Gigon, Niederthai 47 | A-6441 Umhausen, +43-5255-5512, info@stuibenfall.at, UID-Nr.: ATU32888809","robots":{"index":"index","follow":"follow","max-snippet":"max-snippet:-1","max-image-preview":"max-image-preview:large","max-video-preview":"max-video-preview:-1"},"canonical":"https:\/\/stuibenfallchalet.at\/fr\/footer\/mentions-legales\/","og_locale":"fr_FR","og_type":"article","og_title":"Mentions l\u00e9gales -","og_description":"Gasthof Stuibenfall: Fam. Falkner-Gigon, Niederthai 47 | A-6441 Umhausen, +43-5255-5512, info@stuibenfall.at, UID-Nr.: ATU32888809","og_url":"https:\/\/stuibenfallchalet.at\/fr\/footer\/mentions-legales\/","og_site_name":"Chalets Stuibenfall","article_modified_time":"2023-07-03T09:43:39+00:00","twitter_card":"summary_large_image","twitter_misc":{"Dur\u00e9e de lecture estim\u00e9e":"3 minutes"},"schema":{"@context":"https:\/\/schema.org","@graph":[{"@type":"WebPage","@id":"https:\/\/stuibenfallchalet.at\/fr\/footer\/mentions-legales\/","url":"https:\/\/stuibenfallchalet.at\/fr\/footer\/mentions-legales\/","name":"Mentions l\u00e9gales -","isPartOf":{"@id":"https:\/\/stuibenfallchalet.at\/fr\/#website"},"datePublished":"2021-07-06T14:13:45+00:00","dateModified":"2023-07-03T09:43:39+00:00","description":"Gasthof Stuibenfall: Fam. Falkner-Gigon, Niederthai 47 | A-6441 Umhausen, +43-5255-5512, info@stuibenfall.at, UID-Nr.: ATU32888809","breadcrumb":{"@id":"https:\/\/stuibenfallchalet.at\/fr\/footer\/mentions-legales\/#breadcrumb"},"inLanguage":"fr-FR","potentialAction":[{"@type":"ReadAction","target":["https:\/\/stuibenfallchalet.at\/fr\/footer\/mentions-legales\/"]}]},{"@type":"BreadcrumbList","@id":"https:\/\/stuibenfallchalet.at\/fr\/footer\/mentions-legales\/#breadcrumb","itemListElement":[{"@type":"ListItem","position":1,"name":"Startseite","item":"https:\/\/stuibenfallchalet.at\/fr\/home-general\/"},{"@type":"ListItem","position":2,"name":"Footer fr","item":"https:\/\/stuibenfallchalet.at\/fr\/footer\/"},{"@type":"ListItem","position":3,"name":"Mentions l\u00e9gales"}]},{"@type":"WebSite","@id":"https:\/\/stuibenfallchalet.at\/fr\/#website","url":"https:\/\/stuibenfallchalet.at\/fr\/","name":"Chalets Stuibenfall","description":"Chalets Stuibenfall","potentialAction":[{"@type":"SearchAction","target":{"@type":"EntryPoint","urlTemplate":"https:\/\/stuibenfallchalet.at\/fr\/?s={search_term_string}"},"query-input":{"@type":"PropertyValueSpecification","valueRequired":true,"valueName":"search_term_string"}}],"inLanguage":"fr-FR"}]}},"_links":{"self":[{"href":"https:\/\/stuibenfallchalet.at\/fr\/wp-json\/wp\/v2\/pages\/12758","targetHints":{"allow":["GET"]}}],"collection":[{"href":"https:\/\/stuibenfallchalet.at\/fr\/wp-json\/wp\/v2\/pages"}],"about":[{"href":"https:\/\/stuibenfallchalet.at\/fr\/wp-json\/wp\/v2\/types\/page"}],"author":[{"embeddable":true,"href":"https:\/\/stuibenfallchalet.at\/fr\/wp-json\/wp\/v2\/users\/1"}],"replies":[{"embeddable":true,"href":"https:\/\/stuibenfallchalet.at\/fr\/wp-json\/wp\/v2\/comments?post=12758"}],"version-history":[{"count":18,"href":"https:\/\/stuibenfallchalet.at\/fr\/wp-json\/wp\/v2\/pages\/12758\/revisions"}],"predecessor-version":[{"id":17430,"href":"https:\/\/stuibenfallchalet.at\/fr\/wp-json\/wp\/v2\/pages\/12758\/revisions\/17430"}],"up":[{"embeddable":true,"href":"https:\/\/stuibenfallchalet.at\/fr\/wp-json\/wp\/v2\/pages\/7380"}],"wp:attachment":[{"href":"https:\/\/stuibenfallchalet.at\/fr\/wp-json\/wp\/v2\/media?parent=12758"}],"curies":[{"name":"wp","href":"https:\/\/api.w.org\/{rel}","templated":true}]}}