{"id":8194,"date":"2021-07-06T08:55:02","date_gmt":"2021-07-06T08:55:02","guid":{"rendered":"https:\/\/chalet.stuibenfall.at\/home\/unverbindliche-anfrage\/"},"modified":"2021-07-06T11:36:38","modified_gmt":"2021-07-06T11:36:38","slug":"demande-de-renseignements","status":"publish","type":"page","link":"https:\/\/stuibenfallchalet.at\/fr\/home\/demande-de-renseignements\/","title":{"rendered":"Demande de renseignements"},"content":{"rendered":"<div   class='avia-fullscreen-slider main_color   avia-builder-el-0  el_before_av_section  avia-builder-el-first  headerSlide container_wrap fullsize'  >\n<style type=\"text\/css\" data-created_by=\"avia_inline_auto\" id=\"style-css-av-kp2znq5f-866b2a282aa8bad0a176aaea32529971\">\n#top #wrap_all .avia-slideshow .av-slideshow-caption.av-kp2znq5f-866b2a282aa8bad0a176aaea32529971__0 .avia-caption-title{\nfont-size:48px;\n}\n#top .avia-slideshow .av-slideshow-caption.av-kp2znq5f-866b2a282aa8bad0a176aaea32529971__0 .avia-caption-content{\nfont-size:54px;\n}\n#top .avia-slideshow .av-slideshow-caption.av-kp2znq5f-866b2a282aa8bad0a176aaea32529971__0 .avia-caption-content p{\nfont-size:54px;\n}\n<\/style>\n<div  class='avia-slideshow av-kp2znq5f-866b2a282aa8bad0a176aaea32529971 avia-slideshow-no scaling av_fullscreen avia-slide-slider headerSlide av-slideshow-ui av-control-minimal av-slideshow-manual av-loop-once av-loop-manual-endless av-default-height-applied   avia-slideshow-1' data-slideshow-options=\"{&quot;animation&quot;:&quot;slide&quot;,&quot;autoplay&quot;:false,&quot;loop_autoplay&quot;:&quot;once&quot;,&quot;interval&quot;:5,&quot;loop_manual&quot;:&quot;manual-endless&quot;,&quot;autoplay_stopper&quot;:false,&quot;noNavigation&quot;:false,&quot;bg_slider&quot;:true,&quot;keep_padding&quot;:false,&quot;hoverpause&quot;:false,&quot;show_slide_delay&quot;:0,&quot;slide_height&quot;:&quot;100&quot;,&quot;image_attachment&quot;:&quot;&quot;}\"  itemprop=\"image\" itemscope=\"itemscope\" itemtype=\"https:\/\/schema.org\/ImageObject\" ><ul class='avia-slideshow-inner ' style='padding-bottom: 65.364583333333%;'><li style='background-position:center center;' data-img-url='https:\/\/stuibenfallchalet.at\/wp-content\/uploads\/2021\/07\/wohnen-im-gasthof-stuibenfall.jpg' class='avia-slideshow-slide av-kp2znq5f-866b2a282aa8bad0a176aaea32529971__0  av-single-slide slide-1 slide-odd'><div data-rel='slideshow-1' class='avia-slide-wrap '   ><\/div><\/li><\/ul><\/div><\/div>\n<section  id=\"Header_Quick_Buttons\"  class='av_textblock_section av-kpzstifv-cbdb62b6a9b817580b06a1126ce58481 '   itemscope=\"itemscope\" itemtype=\"https:\/\/schema.org\/CreativeWork\" ><div class='avia_textblock'  itemprop=\"text\" ><div class=\"menuBtns_group\"><button class=\"btn active\"><a href=\"https:\/\/stuibenfall.at\/de\/services\/anfrage.html\">Anfragen<\/a><\/button><button class=\"btn\"><a href=\"https:\/\/stuibenfall.at\/de\/services\/online-buchen.html\">Buchen<\/a><\/button><\/div>\n<\/div><\/section>\n<div id='chalet_einleitung'  class='avia-section av-kp55g0o9-bcab1b8850e32b1e504f92e0143d6432 main_color avia-section-default avia-no-border-styling  avia-builder-el-1  el_after_av_fullscreen  avia-builder-el-last  avia-bg-style-scroll container_wrap fullsize'  ><div class='container av-section-cont-open' ><div class='template-page content  av-content-full alpha units'><div class='post-entry post-entry-type-page post-entry-8194'><div class='entry-content-wrapper clearfix'>\n\n<style type=\"text\/css\" data-created_by=\"avia_inline_auto\" id=\"style-css-av-1bb2ssi-181966a23321c2972638838cda0464c7\">\n.flex_column.av-1bb2ssi-181966a23321c2972638838cda0464c7{\nborder-radius:0px 0px 0px 0px;\npadding:50px 0px 0px 0px;\n}\n<\/style>\n<div  class='flex_column av-1bb2ssi-181966a23321c2972638838cda0464c7 av_one_full  avia-builder-el-2  el_before_av_one_full  avia-builder-el-first  first flex_column_div  '     ><style type=\"text\/css\" data-created_by=\"avia_inline_auto\" id=\"style-css-av-kp57okc7-b4e504519e8698e8dbfec03b3d5c5a4e\">\n#top .av-special-heading.av-kp57okc7-b4e504519e8698e8dbfec03b3d5c5a4e{\npadding-bottom:10px;\nfont-size:62px;\n}\nbody .av-special-heading.av-kp57okc7-b4e504519e8698e8dbfec03b3d5c5a4e .av-special-heading-tag .heading-char{\nfont-size:25px;\n}\n#top #wrap_all .av-special-heading.av-kp57okc7-b4e504519e8698e8dbfec03b3d5c5a4e .av-special-heading-tag{\nfont-size:62px;\n}\n.av-special-heading.av-kp57okc7-b4e504519e8698e8dbfec03b3d5c5a4e .av-subheading{\nfont-size:20px;\n}\n\n@media only screen and (min-width: 480px) and (max-width: 767px){ \n#top #wrap_all .av-special-heading.av-kp57okc7-b4e504519e8698e8dbfec03b3d5c5a4e .av-special-heading-tag{\nfont-size:0.8em;\n}\n}\n\n@media only screen and (max-width: 479px){ \n#top #wrap_all .av-special-heading.av-kp57okc7-b4e504519e8698e8dbfec03b3d5c5a4e .av-special-heading-tag{\nfont-size:0.8em;\n}\n}\n<\/style>\n<div  class='av-special-heading av-kp57okc7-b4e504519e8698e8dbfec03b3d5c5a4e av-special-heading-h1 blockquote modern-quote modern-centered  avia-builder-el-3  avia-builder-el-no-sibling  av-inherit-size'><div class='av-subheading av-subheading_above'><p>Vacances dans l&rsquo;\u00d6tztal au Tyrol<\/p>\n<\/div><h1 class='av-special-heading-tag '  itemprop=\"headline\"  >Demande de renseignements<\/h1><div class=\"special-heading-border\"><div class=\"special-heading-inner-border\"><\/div><\/div><\/div><\/div>\n<style type=\"text\/css\" data-created_by=\"avia_inline_auto\" id=\"style-css-av-1a2hfky-58c763bdd2fac2e8c3571f65449597c0\">\n.flex_column.av-1a2hfky-58c763bdd2fac2e8c3571f65449597c0{\nborder-radius:0px 0px 0px 0px;\npadding:0px 0px 0px 0px;\n}\n<\/style>\n<div  class='flex_column av-1a2hfky-58c763bdd2fac2e8c3571f65449597c0 av_one_full  avia-builder-el-4  el_after_av_one_full  avia-builder-el-last  first flex_column_div av-zero-column-padding  column-top-margin'     ><\/div>\n","protected":false},"excerpt":{"rendered":"","protected":false},"author":1,"featured_media":0,"parent":7284,"menu_order":4,"comment_status":"closed","ping_status":"closed","template":"","meta":{"ngg_post_thumbnail":0,"footnotes":""},"class_list":["post-8194","page","type-page","status-publish","hentry"],"yoast_head":"<!-- This site is optimized with the Yoast SEO plugin v27.1.1 - https:\/\/yoast.com\/product\/yoast-seo-wordpress\/ -->\n<title>Demande de renseignements au Gasthof Stuibenfall<\/title>\n<meta name=\"description\" content=\"D\u00e9couvrez si une place est disponible pour vos vacances dans l&#039;\u00d6tztal et renseignez-vous d\u00e8s maintenant.\" \/>\n<meta name=\"robots\" content=\"index, follow, max-snippet:-1, max-image-preview:large, max-video-preview:-1\" \/>\n<link rel=\"canonical\" href=\"https:\/\/stuibenfallchalet.at\/fr\/home\/demande-de-renseignements\/\" \/>\n<meta property=\"og:locale\" content=\"fr_FR\" \/>\n<meta property=\"og:type\" content=\"article\" \/>\n<meta property=\"og:title\" content=\"Demande de renseignements au Gasthof Stuibenfall\" \/>\n<meta property=\"og:description\" content=\"D\u00e9couvrez si une place est disponible pour vos vacances dans l&#039;\u00d6tztal et renseignez-vous d\u00e8s maintenant.\" \/>\n<meta property=\"og:url\" content=\"https:\/\/stuibenfallchalet.at\/fr\/home\/demande-de-renseignements\/\" \/>\n<meta property=\"og:site_name\" content=\"Chalets Stuibenfall\" \/>\n<meta property=\"article:modified_time\" content=\"2021-07-06T11:36:38+00:00\" \/>\n<meta name=\"twitter:card\" content=\"summary_large_image\" \/>\n<meta name=\"twitter:label1\" content=\"Dur\u00e9e de lecture estim\u00e9e\" \/>\n\t<meta name=\"twitter:data1\" content=\"2 minutes\" \/>\n<script type=\"application\/ld+json\" class=\"yoast-schema-graph\">{\"@context\":\"https:\/\/schema.org\",\"@graph\":[{\"@type\":\"WebPage\",\"@id\":\"https:\/\/stuibenfallchalet.at\/fr\/home\/demande-de-renseignements\/\",\"url\":\"https:\/\/stuibenfallchalet.at\/fr\/home\/demande-de-renseignements\/\",\"name\":\"Demande de renseignements au Gasthof Stuibenfall\",\"isPartOf\":{\"@id\":\"https:\/\/stuibenfallchalet.at\/fr\/#website\"},\"datePublished\":\"2021-07-06T08:55:02+00:00\",\"dateModified\":\"2021-07-06T11:36:38+00:00\",\"description\":\"D\u00e9couvrez si une place est disponible pour vos vacances dans l'\u00d6tztal et renseignez-vous d\u00e8s maintenant.\",\"breadcrumb\":{\"@id\":\"https:\/\/stuibenfallchalet.at\/fr\/home\/demande-de-renseignements\/#breadcrumb\"},\"inLanguage\":\"fr-FR\",\"potentialAction\":[{\"@type\":\"ReadAction\",\"target\":[\"https:\/\/stuibenfallchalet.at\/fr\/home\/demande-de-renseignements\/\"]}]},{\"@type\":\"BreadcrumbList\",\"@id\":\"https:\/\/stuibenfallchalet.at\/fr\/home\/demande-de-renseignements\/#breadcrumb\",\"itemListElement\":[{\"@type\":\"ListItem\",\"position\":1,\"name\":\"Startseite\",\"item\":\"https:\/\/stuibenfallchalet.at\/fr\/home-general\/\"},{\"@type\":\"ListItem\",\"position\":2,\"name\":\"Chalets\",\"item\":\"https:\/\/stuibenfallchalet.at\/fr\/home\/\"},{\"@type\":\"ListItem\",\"position\":3,\"name\":\"Demande de renseignements\"}]},{\"@type\":\"WebSite\",\"@id\":\"https:\/\/stuibenfallchalet.at\/fr\/#website\",\"url\":\"https:\/\/stuibenfallchalet.at\/fr\/\",\"name\":\"Chalets Stuibenfall\",\"description\":\"Chalets Stuibenfall\",\"potentialAction\":[{\"@type\":\"SearchAction\",\"target\":{\"@type\":\"EntryPoint\",\"urlTemplate\":\"https:\/\/stuibenfallchalet.at\/fr\/?s={search_term_string}\"},\"query-input\":{\"@type\":\"PropertyValueSpecification\",\"valueRequired\":true,\"valueName\":\"search_term_string\"}}],\"inLanguage\":\"fr-FR\"}]}<\/script>\n<!-- \/ Yoast SEO plugin. -->","yoast_head_json":{"title":"Demande de renseignements au Gasthof Stuibenfall","description":"D\u00e9couvrez si une place est disponible pour vos vacances dans l'\u00d6tztal et renseignez-vous d\u00e8s maintenant.","robots":{"index":"index","follow":"follow","max-snippet":"max-snippet:-1","max-image-preview":"max-image-preview:large","max-video-preview":"max-video-preview:-1"},"canonical":"https:\/\/stuibenfallchalet.at\/fr\/home\/demande-de-renseignements\/","og_locale":"fr_FR","og_type":"article","og_title":"Demande de renseignements au Gasthof Stuibenfall","og_description":"D\u00e9couvrez si une place est disponible pour vos vacances dans l'\u00d6tztal et renseignez-vous d\u00e8s maintenant.","og_url":"https:\/\/stuibenfallchalet.at\/fr\/home\/demande-de-renseignements\/","og_site_name":"Chalets Stuibenfall","article_modified_time":"2021-07-06T11:36:38+00:00","twitter_card":"summary_large_image","twitter_misc":{"Dur\u00e9e de lecture estim\u00e9e":"2 minutes"},"schema":{"@context":"https:\/\/schema.org","@graph":[{"@type":"WebPage","@id":"https:\/\/stuibenfallchalet.at\/fr\/home\/demande-de-renseignements\/","url":"https:\/\/stuibenfallchalet.at\/fr\/home\/demande-de-renseignements\/","name":"Demande de renseignements au Gasthof Stuibenfall","isPartOf":{"@id":"https:\/\/stuibenfallchalet.at\/fr\/#website"},"datePublished":"2021-07-06T08:55:02+00:00","dateModified":"2021-07-06T11:36:38+00:00","description":"D\u00e9couvrez si une place est disponible pour vos vacances dans l'\u00d6tztal et renseignez-vous d\u00e8s maintenant.","breadcrumb":{"@id":"https:\/\/stuibenfallchalet.at\/fr\/home\/demande-de-renseignements\/#breadcrumb"},"inLanguage":"fr-FR","potentialAction":[{"@type":"ReadAction","target":["https:\/\/stuibenfallchalet.at\/fr\/home\/demande-de-renseignements\/"]}]},{"@type":"BreadcrumbList","@id":"https:\/\/stuibenfallchalet.at\/fr\/home\/demande-de-renseignements\/#breadcrumb","itemListElement":[{"@type":"ListItem","position":1,"name":"Startseite","item":"https:\/\/stuibenfallchalet.at\/fr\/home-general\/"},{"@type":"ListItem","position":2,"name":"Chalets","item":"https:\/\/stuibenfallchalet.at\/fr\/home\/"},{"@type":"ListItem","position":3,"name":"Demande de renseignements"}]},{"@type":"WebSite","@id":"https:\/\/stuibenfallchalet.at\/fr\/#website","url":"https:\/\/stuibenfallchalet.at\/fr\/","name":"Chalets Stuibenfall","description":"Chalets Stuibenfall","potentialAction":[{"@type":"SearchAction","target":{"@type":"EntryPoint","urlTemplate":"https:\/\/stuibenfallchalet.at\/fr\/?s={search_term_string}"},"query-input":{"@type":"PropertyValueSpecification","valueRequired":true,"valueName":"search_term_string"}}],"inLanguage":"fr-FR"}]}},"_links":{"self":[{"href":"https:\/\/stuibenfallchalet.at\/fr\/wp-json\/wp\/v2\/pages\/8194","targetHints":{"allow":["GET"]}}],"collection":[{"href":"https:\/\/stuibenfallchalet.at\/fr\/wp-json\/wp\/v2\/pages"}],"about":[{"href":"https:\/\/stuibenfallchalet.at\/fr\/wp-json\/wp\/v2\/types\/page"}],"author":[{"embeddable":true,"href":"https:\/\/stuibenfallchalet.at\/fr\/wp-json\/wp\/v2\/users\/1"}],"replies":[{"embeddable":true,"href":"https:\/\/stuibenfallchalet.at\/fr\/wp-json\/wp\/v2\/comments?post=8194"}],"version-history":[{"count":10,"href":"https:\/\/stuibenfallchalet.at\/fr\/wp-json\/wp\/v2\/pages\/8194\/revisions"}],"predecessor-version":[{"id":20461,"href":"https:\/\/stuibenfallchalet.at\/fr\/wp-json\/wp\/v2\/pages\/8194\/revisions\/20461"}],"up":[{"embeddable":true,"href":"https:\/\/stuibenfallchalet.at\/fr\/wp-json\/wp\/v2\/pages\/7284"}],"wp:attachment":[{"href":"https:\/\/stuibenfallchalet.at\/fr\/wp-json\/wp\/v2\/media?parent=8194"}],"curies":[{"name":"wp","href":"https:\/\/api.w.org\/{rel}","templated":true}]}}